{"id":445,"date":"2022-03-02T10:19:21","date_gmt":"2022-03-02T10:19:21","guid":{"rendered":"https:\/\/startersites.io\/blocksy\/home-decor\/?page_id=12"},"modified":"2024-10-22T21:41:38","modified_gmt":"2024-10-23T02:41:38","slug":"about-us","status":"publish","type":"page","link":"https:\/\/yachaystories.com\/es\/about-us\/","title":{"rendered":"Aporte Social"},"content":{"rendered":"\t\t<div data-elementor-type=\"wp-page\" data-elementor-id=\"445\" class=\"elementor elementor-445\">\n\t\t\t\t<div class=\"elementor-element elementor-element-2cfa117 e-flex e-con-boxed e-con e-parent\" data-id=\"2cfa117\" data-element_type=\"container\">\n\t\t\t\t\t<div class=\"e-con-inner\">\n\t\t<div class=\"elementor-element elementor-element-fc46725 e-grid e-con-full e-con e-child\" data-id=\"fc46725\" data-element_type=\"container\">\n\t\t<div class=\"elementor-element elementor-element-c67d0a2 e-con-full e-flex e-con e-child\" data-id=\"c67d0a2\" data-element_type=\"container\">\n\t\t\t\t<div class=\"elementor-element elementor-element-40e9c8f elementor-widget elementor-widget-heading\" data-id=\"40e9c8f\" data-element_type=\"widget\" data-widget_type=\"heading.default\">\n\t\t\t\t<div class=\"elementor-widget-container\">\n\t\t\t<h2 class=\"elementor-heading-title elementor-size-default\">Tribuna News Paper<\/h2>\t\t<\/div>\n\t\t\t\t<\/div>\n\t\t\t\t<div class=\"elementor-element elementor-element-e712b4c elementor-widget elementor-widget-text-editor\" data-id=\"e712b4c\" data-element_type=\"widget\" data-widget_type=\"text-editor.default\">\n\t\t\t\t<div class=\"elementor-widget-container\">\n\t\t\t\t\t\t\t<p><!--[if gte mso 9]><xml>\n <o:OfficeDocumentSettings>\n  <o:AllowPNG\/>\n <\/o:OfficeDocumentSettings>\n<\/xml><![endif]--><span lang=\"ES-EC\" style=\"mso-ansi-language:ES-EC\">Escribimos cuentos\ncortos sobre realidades de los migrantes en la columna Comunidad, del Peri\u00f3dico\nTribuna que se distribuye en el estado de Connecticut. Para ello nos\nentrevistamos con compatriotas conociendo su d\u00eda a d\u00eda. Con lo cual, nos\npermite estructurar una historia desde nuestro estilo literario. <\/span><\/p>\t\t\t\t\t\t<\/div>\n\t\t\t\t<\/div>\n\t\t\t\t<\/div>\n\t\t<div class=\"elementor-element elementor-element-39cf5d3 e-con-full e-flex e-con e-child\" data-id=\"39cf5d3\" data-element_type=\"container\">\n\t\t\t\t<div class=\"elementor-element elementor-element-7f924d4 elementor-widget elementor-widget-image\" data-id=\"7f924d4\" data-element_type=\"widget\" data-widget_type=\"image.default\">\n\t\t\t\t<div class=\"elementor-widget-container\">\n\t\t\t\t\t\t\t\t\t\t\t\t\t<img fetchpriority=\"high\" decoding=\"async\" width=\"1024\" height=\"1024\" src=\"https:\/\/yachaystories.com\/wp-content\/uploads\/2024\/10\/449125216_3676930262557502_6515474722048121178_n-1024x1024.jpg\" class=\"attachment-large size-large wp-image-1023\" alt=\"\" srcset=\"https:\/\/yachaystories.com\/wp-content\/uploads\/2024\/10\/449125216_3676930262557502_6515474722048121178_n-1024x1024.jpg 1024w, https:\/\/yachaystories.com\/wp-content\/uploads\/2024\/10\/449125216_3676930262557502_6515474722048121178_n-300x300.jpg 300w, https:\/\/yachaystories.com\/wp-content\/uploads\/2024\/10\/449125216_3676930262557502_6515474722048121178_n-150x150.jpg 150w, https:\/\/yachaystories.com\/wp-content\/uploads\/2024\/10\/449125216_3676930262557502_6515474722048121178_n-768x767.jpg 768w, https:\/\/yachaystories.com\/wp-content\/uploads\/2024\/10\/449125216_3676930262557502_6515474722048121178_n-1536x1534.jpg 1536w, https:\/\/yachaystories.com\/wp-content\/uploads\/2024\/10\/449125216_3676930262557502_6515474722048121178_n-12x12.jpg 12w, https:\/\/yachaystories.com\/wp-content\/uploads\/2024\/10\/449125216_3676930262557502_6515474722048121178_n-600x599.jpg 600w, https:\/\/yachaystories.com\/wp-content\/uploads\/2024\/10\/449125216_3676930262557502_6515474722048121178_n-100x100.jpg 100w, https:\/\/yachaystories.com\/wp-content\/uploads\/2024\/10\/449125216_3676930262557502_6515474722048121178_n.jpg 1638w\" sizes=\"(max-width: 1024px) 100vw, 1024px\" \/>\t\t\t\t\t\t\t\t\t\t\t\t\t<\/div>\n\t\t\t\t<\/div>\n\t\t\t\t<\/div>\n\t\t\t\t<\/div>\n\t\t\t\t\t<\/div>\n\t\t\t\t<\/div>\n\t\t<div class=\"elementor-element elementor-element-41f6001 e-flex e-con-boxed e-con e-parent\" data-id=\"41f6001\" data-element_type=\"container\">\n\t\t\t\t\t<div class=\"e-con-inner\">\n\t\t<div class=\"elementor-element elementor-element-c6b0cd5 e-grid e-con-full e-con e-child\" data-id=\"c6b0cd5\" data-element_type=\"container\">\n\t\t<div class=\"elementor-element elementor-element-3e5db3e e-con-full e-flex e-con e-child\" data-id=\"3e5db3e\" data-element_type=\"container\">\n\t\t\t\t<div class=\"elementor-element elementor-element-7fa5b5d elementor-widget elementor-widget-heading\" data-id=\"7fa5b5d\" data-element_type=\"widget\" data-widget_type=\"heading.default\">\n\t\t\t\t<div class=\"elementor-widget-container\">\n\t\t\t<h2 class=\"elementor-heading-title elementor-size-default\">Ann`s Place centro de apoyo a personas con c\u00e1ncer.<\/h2>\t\t<\/div>\n\t\t\t\t<\/div>\n\t\t\t\t<div class=\"elementor-element elementor-element-6196339 elementor-widget elementor-widget-text-editor\" data-id=\"6196339\" data-element_type=\"widget\" data-widget_type=\"text-editor.default\">\n\t\t\t\t<div class=\"elementor-widget-container\">\n\t\t\t\t\t\t\t<p>Se llevo a cabo la narraci\u00f3n del cuento: Quimio de Amor, para pacientes con c\u00e1ncer. En el cual, se comparti\u00f3 el apoyo de la familia en la lucha contra el mismo. Recalcando el valor de la resiliencia desde la narrativa de una realidad social. Combatiendo con palabras, lo que aqueja al cuerpo, dando quietud al alma.<\/p>\t\t\t\t\t\t<\/div>\n\t\t\t\t<\/div>\n\t\t\t\t<\/div>\n\t\t<div class=\"elementor-element elementor-element-056ce0d e-con-full e-flex e-con e-child\" data-id=\"056ce0d\" data-element_type=\"container\">\n\t\t\t\t<div class=\"elementor-element elementor-element-de6c269 elementor-widget elementor-widget-image\" data-id=\"de6c269\" data-element_type=\"widget\" data-widget_type=\"image.default\">\n\t\t\t\t<div class=\"elementor-widget-container\">\n\t\t\t\t\t\t\t\t\t\t\t\t\t<img decoding=\"async\" width=\"1024\" height=\"461\" src=\"https:\/\/yachaystories.com\/wp-content\/uploads\/2024\/10\/444152750_3646671245583404_1822351091331508758_n-1024x461.jpg\" class=\"attachment-large size-large wp-image-1037\" alt=\"\" srcset=\"https:\/\/yachaystories.com\/wp-content\/uploads\/2024\/10\/444152750_3646671245583404_1822351091331508758_n-1024x461.jpg 1024w, https:\/\/yachaystories.com\/wp-content\/uploads\/2024\/10\/444152750_3646671245583404_1822351091331508758_n-300x135.jpg 300w, https:\/\/yachaystories.com\/wp-content\/uploads\/2024\/10\/444152750_3646671245583404_1822351091331508758_n-768x346.jpg 768w, https:\/\/yachaystories.com\/wp-content\/uploads\/2024\/10\/444152750_3646671245583404_1822351091331508758_n-18x8.jpg 18w, https:\/\/yachaystories.com\/wp-content\/uploads\/2024\/10\/444152750_3646671245583404_1822351091331508758_n-600x270.jpg 600w, https:\/\/yachaystories.com\/wp-content\/uploads\/2024\/10\/444152750_3646671245583404_1822351091331508758_n.jpg 1422w\" sizes=\"(max-width: 1024px) 100vw, 1024px\" \/>\t\t\t\t\t\t\t\t\t\t\t\t\t<\/div>\n\t\t\t\t<\/div>\n\t\t\t\t<\/div>\n\t\t\t\t<\/div>\n\t\t\t\t\t<\/div>\n\t\t\t\t<\/div>\n\t\t<div class=\"elementor-element elementor-element-9a0616c e-flex e-con-boxed e-con e-parent\" data-id=\"9a0616c\" data-element_type=\"container\">\n\t\t\t\t\t<div class=\"e-con-inner\">\n\t\t<div class=\"elementor-element elementor-element-b19019d e-grid e-con-full e-con e-child\" data-id=\"b19019d\" data-element_type=\"container\">\n\t\t<div class=\"elementor-element elementor-element-76cdfda e-con-full e-flex e-con e-child\" data-id=\"76cdfda\" data-element_type=\"container\">\n\t\t\t\t<div class=\"elementor-element elementor-element-b30fccd elementor-widget elementor-widget-heading\" data-id=\"b30fccd\" data-element_type=\"widget\" data-widget_type=\"heading.default\">\n\t\t\t\t<div class=\"elementor-widget-container\">\n\t\t\t<h2 class=\"elementor-heading-title elementor-size-default\">Connecticut Family Support Network apoyo a familias con capacidades diferentes.<\/h2>\t\t<\/div>\n\t\t\t\t<\/div>\n\t\t\t\t<div class=\"elementor-element elementor-element-0c8da86 elementor-widget elementor-widget-text-editor\" data-id=\"0c8da86\" data-element_type=\"widget\" data-widget_type=\"text-editor.default\">\n\t\t\t\t<div class=\"elementor-widget-container\">\n\t\t\t\t\t\t\t<p><!-- [if gte mso 9]><xml>\n <o:OfficeDocumentSettings>\n  <o:AllowPNG\/>\n <\/o:OfficeDocumentSettings>\n<\/xml><![endif]--><span lang=\"ES-EC\" style=\"mso-ansi-language: ES-EC;\">Charla sobre la estructuraci\u00f3n de la familia en personas con capacidades diferentes. Adem\u00e1s, de la narraci\u00f3n de un cuento escrito y redactado desde sus realidades. <\/span><\/p>\t\t\t\t\t\t<\/div>\n\t\t\t\t<\/div>\n\t\t\t\t<\/div>\n\t\t<div class=\"elementor-element elementor-element-0656e75 e-con-full e-flex e-con e-child\" data-id=\"0656e75\" data-element_type=\"container\">\n\t\t\t\t<div class=\"elementor-element elementor-element-b86b790 elementor-widget elementor-widget-image\" data-id=\"b86b790\" data-element_type=\"widget\" data-widget_type=\"image.default\">\n\t\t\t\t<div class=\"elementor-widget-container\">\n\t\t\t\t\t\t\t\t\t\t\t\t\t<img decoding=\"async\" width=\"1024\" height=\"702\" src=\"https:\/\/yachaystories.com\/wp-content\/uploads\/2024\/10\/441163545_3639645646285964_354645981335312170_n-1024x702.jpg\" class=\"attachment-large size-large wp-image-1029\" alt=\"\" srcset=\"https:\/\/yachaystories.com\/wp-content\/uploads\/2024\/10\/441163545_3639645646285964_354645981335312170_n-1024x702.jpg 1024w, https:\/\/yachaystories.com\/wp-content\/uploads\/2024\/10\/441163545_3639645646285964_354645981335312170_n-300x206.jpg 300w, https:\/\/yachaystories.com\/wp-content\/uploads\/2024\/10\/441163545_3639645646285964_354645981335312170_n-768x527.jpg 768w, https:\/\/yachaystories.com\/wp-content\/uploads\/2024\/10\/441163545_3639645646285964_354645981335312170_n-1536x1053.jpg 1536w, https:\/\/yachaystories.com\/wp-content\/uploads\/2024\/10\/441163545_3639645646285964_354645981335312170_n-18x12.jpg 18w, https:\/\/yachaystories.com\/wp-content\/uploads\/2024\/10\/441163545_3639645646285964_354645981335312170_n-600x411.jpg 600w, https:\/\/yachaystories.com\/wp-content\/uploads\/2024\/10\/441163545_3639645646285964_354645981335312170_n.jpg 2048w\" sizes=\"(max-width: 1024px) 100vw, 1024px\" \/>\t\t\t\t\t\t\t\t\t\t\t\t\t<\/div>\n\t\t\t\t<\/div>\n\t\t\t\t<\/div>\n\t\t\t\t<\/div>\n\t\t\t\t\t<\/div>\n\t\t\t\t<\/div>\n\t\t<div class=\"elementor-element elementor-element-98a0061 e-flex e-con-boxed e-con e-parent\" data-id=\"98a0061\" data-element_type=\"container\">\n\t\t\t\t\t<div class=\"e-con-inner\">\n\t\t<div class=\"elementor-element elementor-element-8d4af82 e-grid e-con-full e-con e-child\" data-id=\"8d4af82\" data-element_type=\"container\">\n\t\t<div class=\"elementor-element elementor-element-1214368 e-con-full e-flex e-con e-child\" data-id=\"1214368\" data-element_type=\"container\">\n\t\t\t\t<div class=\"elementor-element elementor-element-ae7340a elementor-widget elementor-widget-heading\" data-id=\"ae7340a\" data-element_type=\"widget\" data-widget_type=\"heading.default\">\n\t\t\t\t<div class=\"elementor-widget-container\">\n\t\t\t<h2 class=\"elementor-heading-title elementor-size-default\">Parent leadership trainig Institute proyectos comunitarios.<\/h2>\t\t<\/div>\n\t\t\t\t<\/div>\n\t\t\t\t<div class=\"elementor-element elementor-element-45333e4 elementor-widget elementor-widget-text-editor\" data-id=\"45333e4\" data-element_type=\"widget\" data-widget_type=\"text-editor.default\">\n\t\t\t\t<div class=\"elementor-widget-container\">\n\t\t\t\t\t\t\t<p>Narraci\u00f3n del cuento &#8220;Carta a un Editor&#8221; realizado de manera musical para PLTI, desde una realidad de los migrantes que salen a las paradas a solicitar trabajo.<\/p>\t\t\t\t\t\t<\/div>\n\t\t\t\t<\/div>\n\t\t\t\t<\/div>\n\t\t<div class=\"elementor-element elementor-element-caaa67e e-con-full e-flex e-con e-child\" data-id=\"caaa67e\" data-element_type=\"container\">\n\t\t\t\t<div class=\"elementor-element elementor-element-a846bef elementor-widget elementor-widget-image\" data-id=\"a846bef\" data-element_type=\"widget\" data-widget_type=\"image.default\">\n\t\t\t\t<div class=\"elementor-widget-container\">\n\t\t\t\t\t\t\t\t\t\t\t\t\t<img loading=\"lazy\" decoding=\"async\" width=\"1024\" height=\"462\" src=\"https:\/\/yachaystories.com\/wp-content\/uploads\/2024\/10\/432904429_3597502303833632_8278481112931413314_n-1024x462.jpg\" class=\"attachment-large size-large wp-image-1033\" alt=\"\" srcset=\"https:\/\/yachaystories.com\/wp-content\/uploads\/2024\/10\/432904429_3597502303833632_8278481112931413314_n-1024x462.jpg 1024w, https:\/\/yachaystories.com\/wp-content\/uploads\/2024\/10\/432904429_3597502303833632_8278481112931413314_n-300x135.jpg 300w, https:\/\/yachaystories.com\/wp-content\/uploads\/2024\/10\/432904429_3597502303833632_8278481112931413314_n-768x346.jpg 768w, https:\/\/yachaystories.com\/wp-content\/uploads\/2024\/10\/432904429_3597502303833632_8278481112931413314_n-18x8.jpg 18w, https:\/\/yachaystories.com\/wp-content\/uploads\/2024\/10\/432904429_3597502303833632_8278481112931413314_n-600x270.jpg 600w, https:\/\/yachaystories.com\/wp-content\/uploads\/2024\/10\/432904429_3597502303833632_8278481112931413314_n.jpg 1420w\" sizes=\"(max-width: 1024px) 100vw, 1024px\" \/>\t\t\t\t\t\t\t\t\t\t\t\t\t<\/div>\n\t\t\t\t<\/div>\n\t\t\t\t<\/div>\n\t\t\t\t<\/div>\n\t\t\t\t\t<\/div>\n\t\t\t\t<\/div>\n\t\t<div class=\"elementor-element elementor-element-23899eb e-flex e-con-boxed e-con e-parent\" data-id=\"23899eb\" data-element_type=\"container\">\n\t\t\t\t\t<div class=\"e-con-inner\">\n\t\t\t\t<div class=\"elementor-element elementor-element-6adf4d5 elementor-widget elementor-widget-text-editor\" data-id=\"6adf4d5\" data-element_type=\"widget\" data-widget_type=\"text-editor.default\">\n\t\t\t\t<div class=\"elementor-widget-container\">\n\t\t\t\t\t\t\t<p>En el Aporte Social, compartimos nuestros testimonios y accionares con la comunidad. Construyendo en los grupos prioritarios, historias gr\u00e1ficas y narrativas de realismo vivencial m\u00e1gico.<\/p>\t\t\t\t\t\t<\/div>\n\t\t\t\t<\/div>\n\t\t\t\t\t<\/div>\n\t\t\t\t<\/div>\n\t\t\t\t<\/div>\n\t\t","protected":false},"excerpt":{"rendered":"<p>Tribuna News Paper Escribimos cuentos cortos sobre realidades de los migrantes en la columna Comunidad, del Peri\u00f3dico Tribuna que se distribuye en el estado de Connecticut. Para ello nos entrevistamos con compatriotas conociendo su d\u00eda a d\u00eda. Con lo cual, nos permite estructurar una historia desde nuestro estilo literario. Ann`s Place centro de apoyo a [&hellip;]<\/p>\n","protected":false},"author":1,"featured_media":0,"parent":0,"menu_order":0,"comment_status":"closed","ping_status":"closed","template":"","meta":{"footnotes":""},"class_list":["post-445","page","type-page","status-publish","hentry"],"blocksy_meta":{"styles_descriptor":{"styles":{"desktop":"","tablet":"","mobile":""},"google_fonts":[],"version":6},"page_title_panel":"","has_hero_section":"disabled","4a6c26e3489cfc452f0c7089ef3cf078":"","hero_section":"type-1","hero_elements":[{"id":"custom_title","enabled":true,"heading_tag":"h1","title":"Home"},{"id":"custom_description","enabled":true,"description_visibility":{"desktop":true,"tablet":true,"mobile":false}},{"id":"custom_meta","enabled":false,"meta_elements":[{"id":"author","enabled":true,"label":"By","has_author_avatar":"yes","avatar_size":25},{"id":"post_date","enabled":true,"label":"On","date_format_source":"default","date_format":"M j, Y"},{"id":"updated_date","enabled":false,"label":"On","date_format_source":"default","date_format":"M j, Y"},{"id":"categories","enabled":false,"label":"In","style":"simple"},{"id":"comments","enabled":true}],"page_meta_elements":{"joined":true,"articles_count":true,"comments":true}},{"id":"breadcrumbs","enabled":false}],"fe562f922a7890432068950dda17c488":"","hero_alignment1":"CT_CSS_SKIP_RULE","hero_margin":40,"hero_alignment2":"center","hero_vertical_alignment":"center","21ff91474bdbf7e3262b971e98d91af2":"","hero_structure":"narrow","efbca305c45ecabd3d17e2c3bd7c910d":"","page_title_bg_type":"featured_image","custom_hero_background":{"attachment_id":null},"page_title_image_size":"full","parallax":{"desktop":false,"tablet":false,"mobile":false},"5ba28e80c5f05ca70537edad0eefaf73":"","hero_height":"250px","pageTitleFont":{"family":"Default","variation":"Default","size":"30px","line-height":"CT_CSS_SKIP_RULE","letter-spacing":"CT_CSS_SKIP_RULE","text-transform":"CT_CSS_SKIP_RULE","text-decoration":"CT_CSS_SKIP_RULE"},"pageTitleFontColor":{"default":{"color":"CT_CSS_SKIP_RULEDEFAULT"}},"pageMetaFont":{"family":"Default","variation":"n6","size":"12px","line-height":"1.3","letter-spacing":"CT_CSS_SKIP_RULE","text-transform":"uppercase","text-decoration":"CT_CSS_SKIP_RULE"},"pageMetaFontColor":{"default":{"color":"CT_CSS_SKIP_RULEDEFAULT"},"hover":{"color":"CT_CSS_SKIP_RULEDEFAULT"}},"page_meta_button_type_font_colors":{"default":{"color":"CT_CSS_SKIP_RULEDEFAULT"},"hover":{"color":"CT_CSS_SKIP_RULEDEFAULT"}},"page_meta_button_type_background_colors":{"default":{"color":"CT_CSS_SKIP_RULEDEFAULT"},"hover":{"color":"CT_CSS_SKIP_RULEDEFAULT"}},"pageExcerptFont":{"family":"Default","variation":"Default","size":"CT_CSS_SKIP_RULE","line-height":"CT_CSS_SKIP_RULE","letter-spacing":"CT_CSS_SKIP_RULE","text-transform":"CT_CSS_SKIP_RULE","text-decoration":"CT_CSS_SKIP_RULE"},"pageExcerptColor":{"default":{"color":"CT_CSS_SKIP_RULEDEFAULT"}},"breadcrumbsFont":{"family":"Default","variation":"Default","size":"CT_CSS_SKIP_RULE","line-height":"CT_CSS_SKIP_RULE","letter-spacing":"CT_CSS_SKIP_RULE","text-transform":"CT_CSS_SKIP_RULE","text-decoration":"CT_CSS_SKIP_RULE"},"breadcrumbsFontColor":{"default":{"color":"CT_CSS_SKIP_RULEDEFAULT"},"initial":{"color":"CT_CSS_SKIP_RULEDEFAULT"},"hover":{"color":"CT_CSS_SKIP_RULEDEFAULT"}},"pageTitleOverlay":{"background_type":"color","background_pattern":"type-1","background_image":{"attachment_id":null,"x":0,"y":0},"gradient":"linear-gradient(135deg,rgba(6,147,227,1) 0%,rgb(155,81,224) 100%)","background_repeat":"repeat","background_size":"auto","background_attachment":"scroll","patternColor":{"default":{"color":"#e5e7ea"}},"overlayColor":{"default":{"color":"CT_CSS_SKIP_RULE"}},"backgroundColor":{"default":{"color":"CT_CSS_SKIP_RULE"}}},"pageTitleBackground":{"background_type":"color","background_pattern":"type-1","background_image":{"attachment_id":null,"x":0,"y":0},"gradient":"linear-gradient(135deg,rgba(6,147,227,1) 0%,rgb(155,81,224) 100%)","background_repeat":"repeat","background_size":"auto","background_attachment":"scroll","patternColor":{"default":{"color":"#e5e7ea"}},"overlayColor":{"default":{"color":"CT_CSS_SKIP_RULE"}},"backgroundColor":{"default":{"color":"var(--theme-palette-color-6)"}}},"pageTitlePadding":{"top":"50px","bottom":"50px","left":"auto","right":"auto","linked":true},"a271f1d3e5a6bce1f48f7d72e3fe62cd":"","page_structure_type":"default","ac8f391930b733f81c8c2034fe54f4c4":"","content_style_source":"inherit","content_style":"wide","vertical_spacing_source":"custom","content_area_spacing":"none","background":{"background_type":"color","background_pattern":"type-1","background_image":{"attachment_id":null,"x":0,"y":0},"gradient":"linear-gradient(135deg,rgba(6,147,227,1) 0%,rgb(155,81,224) 100%)","background_repeat":"repeat","background_size":"auto","background_attachment":"scroll","patternColor":{"default":{"color":"#e5e7ea"}},"overlayColor":{"default":{"color":"CT_CSS_SKIP_RULE"}},"backgroundColor":{"default":{"color":"CT_CSS_SKIP_RULE"}}},"content_background":{"background_type":"color","background_pattern":"type-1","background_image":{"attachment_id":null,"x":0,"y":0},"gradient":"linear-gradient(135deg,rgba(6,147,227,1) 0%,rgb(155,81,224) 100%)","background_repeat":"repeat","background_size":"auto","background_attachment":"scroll","patternColor":{"default":{"color":"#e5e7ea"}},"overlayColor":{"default":{"color":"CT_CSS_SKIP_RULE"}},"backgroundColor":{"default":{"color":"var(--theme-palette-color-8)"}}},"content_boxed_shadow":{"inherit":false,"blur":18,"spread":-6,"v_offset":12,"h_offset":0,"inset":false,"enable":true,"color":{"color":"rgba(34, 56, 101, 0.04)"}},"boxed_content_spacing":{"desktop":{"top":"40px","bottom":"40px","left":"40px","right":"40px","linked":true},"tablet":{"top":"35px","bottom":"35px","left":"35px","right":"35px","linked":true},"mobile":{"top":"20px","bottom":"20px","left":"20px","right":"20px","linked":true}},"content_boxed_radius":{"top":"3px","bottom":"3px","left":"3px","right":"3px","linked":true},"a38c1b35b8d2e65b9d89492d033c438a":"","disable_featured_image":"no","disable_share_box":"no","disable_header":"no","disable_footer":"no"},"_links":{"self":[{"href":"https:\/\/yachaystories.com\/es\/wp-json\/wp\/v2\/pages\/445","targetHints":{"allow":["GET"]}}],"collection":[{"href":"https:\/\/yachaystories.com\/es\/wp-json\/wp\/v2\/pages"}],"about":[{"href":"https:\/\/yachaystories.com\/es\/wp-json\/wp\/v2\/types\/page"}],"author":[{"embeddable":true,"href":"https:\/\/yachaystories.com\/es\/wp-json\/wp\/v2\/users\/1"}],"replies":[{"embeddable":true,"href":"https:\/\/yachaystories.com\/es\/wp-json\/wp\/v2\/comments?post=445"}],"version-history":[{"count":26,"href":"https:\/\/yachaystories.com\/es\/wp-json\/wp\/v2\/pages\/445\/revisions"}],"predecessor-version":[{"id":1041,"href":"https:\/\/yachaystories.com\/es\/wp-json\/wp\/v2\/pages\/445\/revisions\/1041"}],"wp:attachment":[{"href":"https:\/\/yachaystories.com\/es\/wp-json\/wp\/v2\/media?parent=445"}],"curies":[{"name":"wp","href":"https:\/\/api.w.org\/{rel}","templated":true}]}}